{"id":113,"date":"2024-05-28T09:00:16","date_gmt":"2024-05-28T09:00:16","guid":{"rendered":"https:\/\/personal-led.com\/?page_id=113"},"modified":"2024-09-18T10:03:10","modified_gmt":"2024-09-18T10:03:10","slug":"blog","status":"publish","type":"page","link":"https:\/\/personal-led.com\/ca\/blog\/","title":{"rendered":"BLOG"},"content":{"rendered":"<div data-elementor-type=\"wp-page\" data-elementor-id=\"113\" class=\"elementor elementor-113\">\n\t\t\t\t<div class=\"elementor-element elementor-element-d6241ca e-flex e-con-boxed e-con e-parent\" data-id=\"d6241ca\" data-element_type=\"container\" data-e-type=\"container\">\n\t\t\t\t\t<div class=\"e-con-inner\">\n\t\t<div class=\"elementor-element elementor-element-c18e863 e-con-full e-flex e-con e-child\" data-id=\"c18e863\" data-element_type=\"container\" data-e-type=\"container\">\n\t\t\t\t<div class=\"elementor-element elementor-element-e0ee98b elementor-widget elementor-widget-image\" data-id=\"e0ee98b\" data-element_type=\"widget\" data-e-type=\"widget\" data-widget_type=\"image.default\">\n\t\t\t\t<div class=\"elementor-widget-container\">\n\t\t\t\t\t\t\t\t\t\t\t\t\t\t\t\t<a href=\"https:\/\/drive.google.com\/file\/d\/11aA1rKtMDLB6YUqhnZ16f-kF0BSVNvwP\/view?usp=drive_link\">\n\t\t\t\t\t\t\t<img decoding=\"async\" src=\"https:\/\/www.morasarotulos.com\/wp-content\/uploads\/2020\/09\/PANTALLA-AZUL.jpg\" title=\"\" alt=\"\" loading=\"lazy\" \/>\t\t\t\t\t\t\t\t<\/a>\n\t\t\t\t\t\t\t\t\t\t\t\t\t\t\t<\/div>\n\t\t\t\t<\/div>\n\t\t\t\t<div class=\"elementor-element elementor-element-e29e21d elementor-widget elementor-widget-heading\" data-id=\"e29e21d\" data-element_type=\"widget\" data-e-type=\"widget\" data-widget_type=\"heading.default\">\n\t\t\t\t<div class=\"elementor-widget-container\">\n\t\t\t\t\t<h3 class=\"elementor-heading-title elementor-size-default\">Per qu\u00e8 escollir una Pantalla Led<\/h3>\t\t\t\t<\/div>\n\t\t\t\t<\/div>\n\t\t\t\t<div class=\"elementor-element elementor-element-a0b9137 elementor-widget elementor-widget-text-editor\" data-id=\"a0b9137\" data-element_type=\"widget\" data-e-type=\"widget\" data-widget_type=\"text-editor.default\">\n\t\t\t\t<div class=\"elementor-widget-container\">\n\t\t\t\t\t\t\t\t\t<p>Algunes de les raons comunes per triar una pantalla LED inclouen:\u00a0<\/p><p><strong style=\"color: var(--wp--preset--color--foreground); font-family: var( --e-global-typography-text-font-family ), Sans-serif; text-align: var(--text-align); background-color: var(--wp--preset--color--color-dark); font-size: var(--wp--preset--font-size--normal);\">Qualitat d'imatge:<\/strong><span style=\"color: var(--wp--preset--color--foreground); font-family: var( --e-global-typography-text-font-family ), Sans-serif; font-weight: var( --e-global-typography-text-font-weight ); text-align: var(--text-align); background-color: var(--wp--preset--color--color-dark); font-size: var(--wp--preset--font-size--normal);\"> Las pantallas LED suelen ofrecer una calidad de imagen excepcional con colores brillantes y n\u00edtidos, alto contraste y buen \u00e1ngulo de visi\u00f3n&#8230;..<\/span><\/p><p>(Para ver m\u00e1s, haz click en la imagen)*<\/p>\t\t\t\t\t\t\t\t<\/div>\n\t\t\t\t<\/div>\n\t\t\t\t<\/div>\n\t\t<div class=\"elementor-element elementor-element-1ec9f61 e-con-full e-flex e-con e-child\" data-id=\"1ec9f61\" data-element_type=\"container\" data-e-type=\"container\">\n\t\t\t\t<div class=\"elementor-element elementor-element-408a4b2 elementor-widget elementor-widget-image\" data-id=\"408a4b2\" data-element_type=\"widget\" data-e-type=\"widget\" data-widget_type=\"image.default\">\n\t\t\t\t<div class=\"elementor-widget-container\">\n\t\t\t\t\t\t\t\t\t\t\t\t\t\t\t\t<a href=\"https:\/\/drive.google.com\/file\/d\/1iHqPKmTPD6hgisrvFm_r2Kd41YBM0xig\/view?usp=drive_link\">\n\t\t\t\t\t\t\t<img fetchpriority=\"high\" decoding=\"async\" width=\"1024\" height=\"576\" src=\"https:\/\/personal-led.com\/wp-content\/uploads\/2024\/06\/led--1024x576.png\" class=\"attachment-large size-large wp-image-331\" alt=\"\" srcset=\"\" sizes=\"(max-width: 1024px) 100vw, 1024px\" data-srcset=\"\" \/>\t\t\t\t\t\t\t\t<\/a>\n\t\t\t\t\t\t\t\t\t\t\t\t\t\t\t<\/div>\n\t\t\t\t<\/div>\n\t\t\t\t<div class=\"elementor-element elementor-element-4cdd5c2 elementor-widget elementor-widget-heading\" data-id=\"4cdd5c2\" data-element_type=\"widget\" data-e-type=\"widget\" data-widget_type=\"heading.default\">\n\t\t\t\t<div class=\"elementor-widget-container\">\n\t\t\t\t\t<h3 class=\"elementor-heading-title elementor-size-default\"><br>Per qu\u00e8 triar-nos <br>Personal Led <\/h3>\t\t\t\t<\/div>\n\t\t\t\t<\/div>\n\t\t\t\t<div class=\"elementor-element elementor-element-b48efb4 elementor-widget elementor-widget-text-editor\" data-id=\"b48efb4\" data-element_type=\"widget\" data-e-type=\"widget\" data-widget_type=\"text-editor.default\">\n\t\t\t\t<div class=\"elementor-widget-container\">\n\t\t\t\t\t\t\t\t\t<p>Podeu garantir un servei especialitzat, una \u00e0mplia varietat de productes, un bon servei al client, garanties adequades i solucions personalitzades per als vostres projectes. Abans de seleccionar una empresa, \u00e9s important investigar i comparar diferents opcions per assegurar-te que s'ajusten<\/p>\t\t\t\t\t\t\t\t<\/div>\n\t\t\t\t<\/div>\n\t\t\t\t<\/div>\n\t\t\t\t\t<\/div>\n\t\t\t\t<\/div>\n\t\t\t\t<\/div>","protected":false},"excerpt":{"rendered":"<p>Por qu\u00e9 elegir una Pantalla Led Algunas de las razones comunes para elegir una pantalla LED incluyen:\u00a0 Calidad de imagen: Las pantallas LED suelen ofrecer una calidad de imagen excepcional con colores brillantes y n\u00edtidos, alto contraste y buen \u00e1ngulo de visi\u00f3n&#8230;.. (Para ver m\u00e1s, haz click en la imagen)* Por qu\u00e9 elegir Personal Led [&hellip;]<\/p>\n","protected":false},"author":1,"featured_media":0,"parent":0,"menu_order":0,"comment_status":"closed","ping_status":"closed","template":"","meta":{"footnotes":""},"class_list":["post-113","page","type-page","status-publish","hentry"],"yoast_head":"<!-- This site is optimized with the Yoast SEO plugin v27.4 - https:\/\/yoast.com\/product\/yoast-seo-wordpress\/ -->\n<title>BLOG - Personal Led<\/title>\n<meta name=\"robots\" content=\"index, follow, max-snippet:-1, max-image-preview:large, max-video-preview:-1\" \/>\n<link rel=\"canonical\" href=\"https:\/\/personal-led.com\/ca\/blog\/\" \/>\n<meta property=\"og:locale\" content=\"ca_ES\" \/>\n<meta property=\"og:type\" content=\"article\" \/>\n<meta property=\"og:title\" content=\"BLOG - Personal Led\" \/>\n<meta property=\"og:description\" content=\"Por qu\u00e9 elegir una Pantalla Led Algunas de las razones comunes para elegir una pantalla LED incluyen:\u00a0 Calidad de imagen: Las pantallas LED suelen ofrecer una calidad de imagen excepcional con colores brillantes y n\u00edtidos, alto contraste y buen \u00e1ngulo de visi\u00f3n&#8230;.. (Para ver m\u00e1s, haz click en la imagen)* Por qu\u00e9 elegir Personal Led [&hellip;]\" \/>\n<meta property=\"og:url\" content=\"https:\/\/personal-led.com\/ca\/blog\/\" \/>\n<meta property=\"og:site_name\" content=\"Personal Led\" \/>\n<meta property=\"article:modified_time\" content=\"2024-09-18T10:03:10+00:00\" \/>\n<meta property=\"og:image\" content=\"https:\/\/www.morasarotulos.com\/wp-content\/uploads\/2020\/09\/PANTALLA-AZUL.jpg\" \/>\n<meta name=\"twitter:card\" content=\"summary_large_image\" \/>\n<meta name=\"twitter:label1\" content=\"Temps estimat de lectura\" \/>\n\t<meta name=\"twitter:data1\" content=\"1 minut\" \/>\n<script type=\"application\/ld+json\" class=\"yoast-schema-graph\">{\"@context\":\"https:\\\/\\\/schema.org\",\"@graph\":[{\"@type\":\"WebPage\",\"@id\":\"https:\\\/\\\/personal-led.com\\\/blog\\\/\",\"url\":\"https:\\\/\\\/personal-led.com\\\/blog\\\/\",\"name\":\"BLOG - Personal Led\",\"isPartOf\":{\"@id\":\"https:\\\/\\\/personal-led.com\\\/#website\"},\"primaryImageOfPage\":{\"@id\":\"https:\\\/\\\/personal-led.com\\\/blog\\\/#primaryimage\"},\"image\":{\"@id\":\"https:\\\/\\\/personal-led.com\\\/blog\\\/#primaryimage\"},\"thumbnailUrl\":\"https:\\\/\\\/www.morasarotulos.com\\\/wp-content\\\/uploads\\\/2020\\\/09\\\/PANTALLA-AZUL.jpg\",\"datePublished\":\"2024-05-28T09:00:16+00:00\",\"dateModified\":\"2024-09-18T10:03:10+00:00\",\"breadcrumb\":{\"@id\":\"https:\\\/\\\/personal-led.com\\\/blog\\\/#breadcrumb\"},\"inLanguage\":\"ca\",\"potentialAction\":[{\"@type\":\"ReadAction\",\"target\":[\"https:\\\/\\\/personal-led.com\\\/blog\\\/\"]}]},{\"@type\":\"ImageObject\",\"inLanguage\":\"ca\",\"@id\":\"https:\\\/\\\/personal-led.com\\\/blog\\\/#primaryimage\",\"url\":\"https:\\\/\\\/www.morasarotulos.com\\\/wp-content\\\/uploads\\\/2020\\\/09\\\/PANTALLA-AZUL.jpg\",\"contentUrl\":\"https:\\\/\\\/www.morasarotulos.com\\\/wp-content\\\/uploads\\\/2020\\\/09\\\/PANTALLA-AZUL.jpg\"},{\"@type\":\"BreadcrumbList\",\"@id\":\"https:\\\/\\\/personal-led.com\\\/blog\\\/#breadcrumb\",\"itemListElement\":[{\"@type\":\"ListItem\",\"position\":1,\"name\":\"Home\",\"item\":\"https:\\\/\\\/personal-led.com\\\/\"},{\"@type\":\"ListItem\",\"position\":2,\"name\":\"BLOG\"}]},{\"@type\":\"WebSite\",\"@id\":\"https:\\\/\\\/personal-led.com\\\/#website\",\"url\":\"https:\\\/\\\/personal-led.com\\\/\",\"name\":\"Personal Led\",\"description\":\"Publicidad din&aacute;mica en pantalla led de gran formato \",\"publisher\":{\"@id\":\"https:\\\/\\\/personal-led.com\\\/#organization\"},\"potentialAction\":[{\"@type\":\"SearchAction\",\"target\":{\"@type\":\"EntryPoint\",\"urlTemplate\":\"https:\\\/\\\/personal-led.com\\\/?s={search_term_string}\"},\"query-input\":{\"@type\":\"PropertyValueSpecification\",\"valueRequired\":true,\"valueName\":\"search_term_string\"}}],\"inLanguage\":\"ca\"},{\"@type\":\"Organization\",\"@id\":\"https:\\\/\\\/personal-led.com\\\/#organization\",\"name\":\"Personal Led\",\"url\":\"https:\\\/\\\/personal-led.com\\\/\",\"logo\":{\"@type\":\"ImageObject\",\"inLanguage\":\"ca\",\"@id\":\"https:\\\/\\\/personal-led.com\\\/#\\\/schema\\\/logo\\\/image\\\/\",\"url\":\"https:\\\/\\\/personal-led.com\\\/wp-content\\\/uploads\\\/2024\\\/05\\\/cropped-Original-Fondo-Led-.png\",\"contentUrl\":\"https:\\\/\\\/personal-led.com\\\/wp-content\\\/uploads\\\/2024\\\/05\\\/cropped-Original-Fondo-Led-.png\",\"width\":500,\"height\":170,\"caption\":\"Personal Led \"},\"image\":{\"@id\":\"https:\\\/\\\/personal-led.com\\\/#\\\/schema\\\/logo\\\/image\\\/\"}}]}<\/script>\n<!-- \/ Yoast SEO plugin. -->","yoast_head_json":{"title":"BLOG - Personal Led","robots":{"index":"index","follow":"follow","max-snippet":"max-snippet:-1","max-image-preview":"max-image-preview:large","max-video-preview":"max-video-preview:-1"},"canonical":"https:\/\/personal-led.com\/ca\/blog\/","og_locale":"ca_ES","og_type":"article","og_title":"BLOG - Personal Led","og_description":"Por qu\u00e9 elegir una Pantalla Led Algunas de las razones comunes para elegir una pantalla LED incluyen:\u00a0 Calidad de imagen: Las pantallas LED suelen ofrecer una calidad de imagen excepcional con colores brillantes y n\u00edtidos, alto contraste y buen \u00e1ngulo de visi\u00f3n&#8230;.. (Para ver m\u00e1s, haz click en la imagen)* Por qu\u00e9 elegir Personal Led [&hellip;]","og_url":"https:\/\/personal-led.com\/ca\/blog\/","og_site_name":"Personal Led","article_modified_time":"2024-09-18T10:03:10+00:00","og_image":[{"url":"https:\/\/www.morasarotulos.com\/wp-content\/uploads\/2020\/09\/PANTALLA-AZUL.jpg","type":"","width":"","height":""}],"twitter_card":"summary_large_image","twitter_misc":{"Temps estimat de lectura":"1 minut"},"schema":{"@context":"https:\/\/schema.org","@graph":[{"@type":"WebPage","@id":"https:\/\/personal-led.com\/blog\/","url":"https:\/\/personal-led.com\/blog\/","name":"BLOG - Personal Led","isPartOf":{"@id":"https:\/\/personal-led.com\/#website"},"primaryImageOfPage":{"@id":"https:\/\/personal-led.com\/blog\/#primaryimage"},"image":{"@id":"https:\/\/personal-led.com\/blog\/#primaryimage"},"thumbnailUrl":"https:\/\/www.morasarotulos.com\/wp-content\/uploads\/2020\/09\/PANTALLA-AZUL.jpg","datePublished":"2024-05-28T09:00:16+00:00","dateModified":"2024-09-18T10:03:10+00:00","breadcrumb":{"@id":"https:\/\/personal-led.com\/blog\/#breadcrumb"},"inLanguage":"ca","potentialAction":[{"@type":"ReadAction","target":["https:\/\/personal-led.com\/blog\/"]}]},{"@type":"ImageObject","inLanguage":"ca","@id":"https:\/\/personal-led.com\/blog\/#primaryimage","url":"https:\/\/www.morasarotulos.com\/wp-content\/uploads\/2020\/09\/PANTALLA-AZUL.jpg","contentUrl":"https:\/\/www.morasarotulos.com\/wp-content\/uploads\/2020\/09\/PANTALLA-AZUL.jpg"},{"@type":"BreadcrumbList","@id":"https:\/\/personal-led.com\/blog\/#breadcrumb","itemListElement":[{"@type":"ListItem","position":1,"name":"Home","item":"https:\/\/personal-led.com\/"},{"@type":"ListItem","position":2,"name":"BLOG"}]},{"@type":"WebSite","@id":"https:\/\/personal-led.com\/#website","url":"https:\/\/personal-led.com\/","name":"Personal Led","description":"Publicitat din\u00e0mica en pantalla led de gran format","publisher":{"@id":"https:\/\/personal-led.com\/#organization"},"potentialAction":[{"@type":"SearchAction","target":{"@type":"EntryPoint","urlTemplate":"https:\/\/personal-led.com\/?s={search_term_string}"},"query-input":{"@type":"PropertyValueSpecification","valueRequired":true,"valueName":"search_term_string"}}],"inLanguage":"ca"},{"@type":"Organization","@id":"https:\/\/personal-led.com\/#organization","name":"Personal Led","url":"https:\/\/personal-led.com\/","logo":{"@type":"ImageObject","inLanguage":"ca","@id":"https:\/\/personal-led.com\/#\/schema\/logo\/image\/","url":"https:\/\/personal-led.com\/wp-content\/uploads\/2024\/05\/cropped-Original-Fondo-Led-.png","contentUrl":"https:\/\/personal-led.com\/wp-content\/uploads\/2024\/05\/cropped-Original-Fondo-Led-.png","width":500,"height":170,"caption":"Personal Led "},"image":{"@id":"https:\/\/personal-led.com\/#\/schema\/logo\/image\/"}}]}},"_links":{"self":[{"href":"https:\/\/personal-led.com\/ca\/wp-json\/wp\/v2\/pages\/113","targetHints":{"allow":["GET"]}}],"collection":[{"href":"https:\/\/personal-led.com\/ca\/wp-json\/wp\/v2\/pages"}],"about":[{"href":"https:\/\/personal-led.com\/ca\/wp-json\/wp\/v2\/types\/page"}],"author":[{"embeddable":true,"href":"https:\/\/personal-led.com\/ca\/wp-json\/wp\/v2\/users\/1"}],"replies":[{"embeddable":true,"href":"https:\/\/personal-led.com\/ca\/wp-json\/wp\/v2\/comments?post=113"}],"version-history":[{"count":49,"href":"https:\/\/personal-led.com\/ca\/wp-json\/wp\/v2\/pages\/113\/revisions"}],"predecessor-version":[{"id":784,"href":"https:\/\/personal-led.com\/ca\/wp-json\/wp\/v2\/pages\/113\/revisions\/784"}],"wp:attachment":[{"href":"https:\/\/personal-led.com\/ca\/wp-json\/wp\/v2\/media?parent=113"}],"curies":[{"name":"wp","href":"https:\/\/api.w.org\/{rel}","templated":true}]}}